{"id":256,"date":"2023-04-12T20:55:17","date_gmt":"2023-04-12T19:55:17","guid":{"rendered":"http:\/\/crwydro.co.uk\/crwydro-c\/?page_id=256"},"modified":"2023-04-13T20:31:31","modified_gmt":"2023-04-13T19:31:31","slug":"taith-garn-boduan","status":"publish","type":"page","link":"http:\/\/crwydro.co.uk\/crwydro-c\/?page_id=256","title":{"rendered":"Taith Beic Garn Boduan"},"content":{"rendered":"\n<div class=\"wp-block-file\"><object class=\"wp-block-file__embed\" data=\"http:\/\/crwydro.co.uk\/crwydro-c\/wp-content\/uploads\/2023\/04\/Taith-Garn-Boduan.pdf\" type=\"application\/pdf\" style=\"width:100%;height:640px\" aria-label=\"Mewnblaniad Taith Garn Boduan\"><\/object><a id=\"wp-block-file--media-41c1ae0f-f1e5-41c7-a14d-727bf9b9df79\" href=\"http:\/\/crwydro.co.uk\/crwydro-c\/wp-content\/uploads\/2023\/04\/Taith-Garn-Boduan.pdf\">Taith Garn Boduan<\/a><a href=\"http:\/\/crwydro.co.uk\/crwydro-c\/wp-content\/uploads\/2023\/04\/Taith-Garn-Boduan.pdf\" class=\"wp-block-file__button wp-element-button\" download aria-describedby=\"wp-block-file--media-41c1ae0f-f1e5-41c7-a14d-727bf9b9df79\">Lawrlwytho<\/a><\/div>\n\n\n\n<h2 class=\"wp-block-heading\">Disgrifiad<\/h2>\n\n\n\n<p>Mae Nefyn yn dref arbennig a dderbyniodd ei siarter gan y Tywysog Du ym 1355. Mae iddi hanes llawn rhamant. Bu yn enwog am ei phenwaig a gwelir y tri phennog ar arfbais y dref. Ceir Amgueddfa Forwrol yn yr hen eglwys. <\/p>\n\n\n\n<p>Wrth ddringo&#8217;r allt i fyny at Fynydd Nefyn edrychwch yn \u00f4l ar yr olygfa ysblennydd o Faeau Nefyn a Phorthdinllaen. Bu&#8217;r ddau fae yn enwog am adeiladu llongau ac yn borthladdoedd llongau hwyliau prysur. Tri chopa&#8217;r Eifl sydd i&#8217;w gweld ar y chwith. Bydd Garn Boduan yn eich dilyn ar yr ochr dde and bydd yr olyfga o Eryri a gwlad Ll\u0177n yn newid gydol yr amser.<\/p>\n\n\n\n<p>Dilynwch lonydd culion tawel Ll\u0177n ac yn y man dewch i Lannor. Yno mae Eglwys y Grog Sanctaidd gyda&#8217;i charreg fedd o&#8217;r 6ed canrif. Yma yr erlidiwyd Howell Harris, y Diwygiwr ym 1741 wrth iddo bregethu yn y fynwent.<\/p>\n\n\n\n<p>Wedi dringo&#8217;n raddol o Rydyclafdy bydd y daith yn parhau yn gymharol wastad ond yn fwy coediog. Yng nghanol tawelwch Ll\u0177n cewch gyfle i ymweld ag Eglwys Llandudwen. Yn fuan daw arfordir gogleddol Ll\u0177n ac Ynys M\u00f4n i&#8217;r golwg, cewch gip ar Drwyn Porthdinllaen, a bydd Nefyn yn eich gwahodd yn \u00f4l i fwynhau&#8217;r hen dref.<\/p>\n\n\n\n<h2 class=\"wp-block-heading\">Cyfarwyddiadau<\/h2>\n\n\n\n<p>\u2022 Mae&#8217;r daith yn cychwyn o gylchfan y Groes yn Nefyn. Cymeryd y ffordd i&#8217;r de ddwyrain tuag at Mynydd Nefyn, gwyro i&#8217;r chwith ac ymlaen tuag at y mynydd, gan ddringo&#8217;r allt serth.<br>\u2022 Teithio ymlaen heibio Llwyn ac yn fuan wedi mynd heibio Castell Bach troi i&#8217;r dde. Troi i&#8217;r dde ar gyffordd y B4354 a throi&#8217;n syth i&#8217;r chwith. Troi i&#8217;r chwith ar y gyffordd nesa a dilyn y ffordd ymlaen cyn troi i&#8217;r dde ger Mela.<br>\u2022 Gwyro i&#8217;r dde ar y gyffordd nesa tuag at Llannor, troi i&#8217;r chwith ger yr eglwys yn Llannor ac ymlaen tuag at Gorffwysfa. Troi i&#8217;r dde tuag at Efailnewydd ac wedi cyrraedd y pentref croesi&#8217;n syth ar draws yr A497 a theithio tuag at Rhydyclafdy.<br>\u2022 Teithio ymlaen drwy&#8217;r pentref ac ymhen tua milltir troi i&#8217;r dde tuag at Dinas. Wrth gyrraedd Dinas troi i&#8217;r dde ger y capel, teithio ymlaen a throi i&#8217;r dde ar y groesffordd nesa tuag at Nefyn. Teithio ar y ffordd yma nes cyrraedd cylchfan Bryncynan, croesi syth ar draws ac ymlaen i Nefyn a&#8217;r man cychwyn.<\/p>\n\n\n\n<p class=\"has-text-align-center\"><a href=\"http:\/\/crwydro.co.uk\/crwydro-c\/?page_id=2\">Yn \u00f4l i dudalen Beicio<\/a><\/p>\n","protected":false},"excerpt":{"rendered":"<p>Disgrifiad Mae Nefyn yn dref arbennig a dderbyniodd ei siarter gan y Tywysog Du ym 1355. Mae iddi hanes llawn rhamant. Bu yn enwog am ei phenwaig a gwelir y tri phennog ar arfbais y dref. Ceir Amgueddfa Forwrol yn yr hen eglwys. Wrth ddringo&#8217;r allt i fyny at Fynydd [&hellip;]<\/p>\n","protected":false},"author":1,"featured_media":0,"parent":2,"menu_order":2,"comment_status":"closed","ping_status":"closed","template":"","meta":{"_mi_skip_tracking":false},"aioseo_notices":[],"_links":{"self":[{"href":"http:\/\/crwydro.co.uk\/crwydro-c\/index.php?rest_route=\/wp\/v2\/pages\/256"}],"collection":[{"href":"http:\/\/crwydro.co.uk\/crwydro-c\/index.php?rest_route=\/wp\/v2\/pages"}],"about":[{"href":"http:\/\/crwydro.co.uk\/crwydro-c\/index.php?rest_route=\/wp\/v2\/types\/page"}],"author":[{"embeddable":true,"href":"http:\/\/crwydro.co.uk\/crwydro-c\/index.php?rest_route=\/wp\/v2\/users\/1"}],"replies":[{"embeddable":true,"href":"http:\/\/crwydro.co.uk\/crwydro-c\/index.php?rest_route=%2Fwp%2Fv2%2Fcomments&post=256"}],"version-history":[{"count":5,"href":"http:\/\/crwydro.co.uk\/crwydro-c\/index.php?rest_route=\/wp\/v2\/pages\/256\/revisions"}],"predecessor-version":[{"id":344,"href":"http:\/\/crwydro.co.uk\/crwydro-c\/index.php?rest_route=\/wp\/v2\/pages\/256\/revisions\/344"}],"up":[{"embeddable":true,"href":"http:\/\/crwydro.co.uk\/crwydro-c\/index.php?rest_route=\/wp\/v2\/pages\/2"}],"wp:attachment":[{"href":"http:\/\/crwydro.co.uk\/crwydro-c\/index.php?rest_route=%2Fwp%2Fv2%2Fmedia&parent=256"}],"curies":[{"name":"wp","href":"https:\/\/api.w.org\/{rel}","templated":true}]}}