{"id":380,"date":"2023-04-14T10:40:03","date_gmt":"2023-04-14T09:40:03","guid":{"rendered":"http:\/\/crwydro.co.uk\/crwydro-c\/?page_id=380"},"modified":"2023-04-28T00:19:02","modified_gmt":"2023-04-27T23:19:02","slug":"llwybr-caernarfon-i-groeslon","status":"publish","type":"page","link":"http:\/\/crwydro.co.uk\/crwydro-c\/?page_id=380","title":{"rendered":"Llwybr Caernarfon i Groeslon"},"content":{"rendered":"\n<div class=\"wp-block-file\"><object class=\"wp-block-file__embed\" data=\"http:\/\/crwydro.co.uk\/crwydro-c\/wp-content\/uploads\/2023\/04\/Caernarfon-Groeslon.pdf\" type=\"application\/pdf\" style=\"width:100%;height:600px\" aria-label=\"Mewnblaniad Map Caernarfon - Groeslon\"><\/object><a id=\"wp-block-file--media-b7bce30b-cba1-4c1e-84ac-b6e87c8a7ee1\" href=\"http:\/\/crwydro.co.uk\/crwydro-c\/wp-content\/uploads\/2023\/04\/Caernarfon-Groeslon.pdf\">Map Caernarfon &#8211; Groeslon<\/a><a href=\"http:\/\/crwydro.co.uk\/crwydro-c\/wp-content\/uploads\/2023\/04\/Caernarfon-Groeslon.pdf\" class=\"wp-block-file__button wp-element-button\" download aria-describedby=\"wp-block-file--media-b7bce30b-cba1-4c1e-84ac-b6e87c8a7ee1\">Lawrlwytho<\/a><\/div>\n\n\n\n<h2 class=\"wp-block-heading\">MANYLION Y DAITH<\/h2>\n\n\n\n<p>Amcan o hyd: 7km\/4.4 milltir.<br>Amcan o\u2019r amser: 2.5 awr.<br>Map AO: graddfa 1:25 000 Explorer 254.<br>Man cychwyn\/gorffen: Caernarfon SH 48214 61758 \/ Groeslon, SH 47298 55948.<\/p>\n\n\n\n<h2 class=\"wp-block-heading\">PETHAU I WELD AR Y DAITH<\/h2>\n\n\n\n<p><strong><mark><mark style=\"background-color:#cf2e2e\" class=\"has-inline-color has-white-color\">1<\/mark><\/mark>&nbsp;L\u00f4n Eifion<\/strong>&nbsp;\u2013 Llwybr 20km i gerddwyr a beicwyr a adeiladwyd ar wely yr hen reilffordd a arferai redeg i Afon Wen. Rhan o <a href=\"http:\/\/crwydro.co.uk\/crwydro-c\/?page_id=2\">rwydwaith ehangach<\/a> o Lonydd Glas.<\/p>\n\n\n\n<h2 class=\"wp-block-heading\">Cyfarwyddiadau<\/h2>\n\n\n\n<p>Os dymunwch, gallwch gychwyn eich taith yng Nghaernarfon, gellid honni mai\u2019r \u2018cyntedd\u2019 sydd yn arwain at grynswth y daith yw\u2019r rhan gyntaf hon sydd yn gadael y dref ac yn ymlwybro ar hyd gwastadedd gogledd Arfon.<br>Cewch ddilyn L\u00f4n Eifion, llwybr i gerddwyr a beicwyr ar wely&#8217;r hen reilffordd a arferai redeg i Afonwen. Gyfochrog \u00e2\u2019r llwybr mae Rheilffordd Ucheldir Eryri sy\u2019n cychwyn ar ei thaith i galon Eryri. Os am brofi<br>golygfeydd o\u2019r m\u00f4r wrth geg y Fenai mae gennych ddewis i adael Caernarfon ar hyd y l\u00f4n fach sydd<br>yn dilyn ar hyd ymyl y lan cyn ymuno \u00e2 L\u00f4n Eifion wrth Llanwnda. <\/p>\n\n\n\n<p>Mae\u2019r llwybr wedyn yn teithio heibio Groeslon, un o\u2019r pentrefi di-rif a dyfodd yn sg\u00eel y diwydiant llechi.<\/p>\n\n\n\n<p><\/p>\n\n\n\n<p class=\"has-text-align-center\"><a href=\"http:\/\/crwydro.co.uk\/crwydro-c\/?page_id=27\">Yn \u00f4l i dudalen Llwybrau Llinynnol Ll\u0177n<\/a><\/p>\n\n\n\n<hr class=\"wp-block-separator has-alpha-channel-opacity\"\/>\n\n\n\n<div class=\"wp-block-group is-content-justification-center is-nowrap is-layout-flex wp-container-1\">\n<figure class=\"wp-block-image size-full\"><img decoding=\"async\" loading=\"lazy\" width=\"66\" height=\"66\" src=\"http:\/\/crwydro.co.uk\/crwydro-c\/wp-content\/uploads\/2023\/04\/CP-1.png\" alt=\"\" class=\"wp-image-1362\"\/><\/figure>\n\n\n\n<p>Map Llwybr Arfordir Cymru sydd yn cynnwys yr ardal yma &#8211; <a href=\"http:\/\/crwydro.co.uk\/crwydro-c\/wp-content\/uploads\/2023\/04\/MAP-2-Caernarfon-Trefor.pdf\" target=\"_blank\" rel=\"noopener\" title=\"\">Caernarfon &#8211; Trefor<\/a><\/p>\n<\/div>\n","protected":false},"excerpt":{"rendered":"<p>MANYLION Y DAITH Amcan o hyd: 7km\/4.4 milltir.Amcan o\u2019r amser: 2.5 awr.Map AO: graddfa 1:25 000 Explorer 254.Man cychwyn\/gorffen: Caernarfon SH 48214 61758 \/ Groeslon, SH 47298 55948. PETHAU I WELD AR Y DAITH 1&nbsp;L\u00f4n Eifion&nbsp;\u2013 Llwybr 20km i gerddwyr a beicwyr a adeiladwyd ar wely yr hen reilffordd a [&hellip;]<\/p>\n","protected":false},"author":1,"featured_media":0,"parent":27,"menu_order":1,"comment_status":"closed","ping_status":"closed","template":"","meta":{"_mi_skip_tracking":false},"aioseo_notices":[],"_links":{"self":[{"href":"http:\/\/crwydro.co.uk\/crwydro-c\/index.php?rest_route=\/wp\/v2\/pages\/380"}],"collection":[{"href":"http:\/\/crwydro.co.uk\/crwydro-c\/index.php?rest_route=\/wp\/v2\/pages"}],"about":[{"href":"http:\/\/crwydro.co.uk\/crwydro-c\/index.php?rest_route=\/wp\/v2\/types\/page"}],"author":[{"embeddable":true,"href":"http:\/\/crwydro.co.uk\/crwydro-c\/index.php?rest_route=\/wp\/v2\/users\/1"}],"replies":[{"embeddable":true,"href":"http:\/\/crwydro.co.uk\/crwydro-c\/index.php?rest_route=%2Fwp%2Fv2%2Fcomments&post=380"}],"version-history":[{"count":13,"href":"http:\/\/crwydro.co.uk\/crwydro-c\/index.php?rest_route=\/wp\/v2\/pages\/380\/revisions"}],"predecessor-version":[{"id":1369,"href":"http:\/\/crwydro.co.uk\/crwydro-c\/index.php?rest_route=\/wp\/v2\/pages\/380\/revisions\/1369"}],"up":[{"embeddable":true,"href":"http:\/\/crwydro.co.uk\/crwydro-c\/index.php?rest_route=\/wp\/v2\/pages\/27"}],"wp:attachment":[{"href":"http:\/\/crwydro.co.uk\/crwydro-c\/index.php?rest_route=%2Fwp%2Fv2%2Fmedia&parent=380"}],"curies":[{"name":"wp","href":"https:\/\/api.w.org\/{rel}","templated":true}]}}