{"id":767,"date":"2023-04-20T22:40:09","date_gmt":"2023-04-20T21:40:09","guid":{"rendered":"http:\/\/crwydro.co.uk\/crwydro-c\/?page_id=767"},"modified":"2023-07-15T22:51:38","modified_gmt":"2023-07-15T21:51:38","slug":"llyfryddiaeth-dolenni","status":"publish","type":"page","link":"http:\/\/crwydro.co.uk\/crwydro-c\/?page_id=767","title":{"rendered":"Llyfryddiaeth a dolenni"},"content":{"rendered":"\n<figure class=\"wp-block-table\"><table><tbody><tr><td><strong>Llyfryddiaeth a Ffynonellau eraill y wybodaeth ar y safle we yma&nbsp;<\/strong><img decoding=\"async\" src=\"http:\/\/www.gwynedd.biz\/1\/picts\/paragraph-line.jpg\" alt=\"\"><\/td><td rowspan=\"2\"><\/td><\/tr><tr><td>Crwydro Ll\u0177n ac Eifionydd &#8211; Gruffydd Parry. Llyfrau&#8217;r Dryw 1960<br>The early Christian Monuments of Wales &#8211; Nash Williams. University of Wales press<br>Llen Gwerin Sir Gaernarfon &#8211; Myrddin Fardd. Y Cyhoeddwyr Cymreig Cyf. Caernarfon 1909<br>Diwilliant Gwerin Cymru &#8211; Dr. Iorwerth C Pete. Hughes a&#8217;i feibion, Gwasg y Brython, Lerpwl. 1942<br>TRAFODION CYMDEITHAS HANES SIR GAERNARFON (amryw)<br>Hanes M\u00f4n yn y bedwaredd ganrif ar bymtheg &#8211; E.A. Williams. Cymdeithas Eisteddfod Gadeiriol M\u00f4n 1927<br>RCAHMW- Caernarvonshire vol.3 West -Royal commission 1964 (<a href=\"http:\/\/crwydro.co.uk\/nefyn\/\">Gweler Henebion Ll\u0177n<\/a>)<br>Blas ar Iaith Ll\u0177n ac Eifionydd &#8211; Bedwyr Lewis Jones. Gwasg Carreg Gwalch 1987<br>Enwogion Lleyn &#8211; cyfansoddiadau buddugol Eisteddfod gadeiriol Sarn Meillteyrn 1883<br>The old cottages of Snowdownia &#8211; H. Hughes&amp; H.L.North. Jarvis and foster Bangor 1908<br>Archaeologia Cambrensis &#8211; William Lewis Cardiff<br>Caniadau Ieuan Lleyn &#8211; Cyhoeddwyr- Richard Jones Pwllheli 1878<br>Mi Glywais a Gwelais- Meurig Roberts Darlith Flynyddol Ll\u0177n 1981<br>Adeiladwyd gan tlodi &#8211; Emlyn Richards Darlith Flynyddol Ll\u0177n 1990<br>Y Ddwylan &#8211; Rev.W.L.Jones<br>Cerddi Edern Cerddi Porthdinllaen &#8211; J Glyn Davies.<br>A History of Caernarvonshire &#8211; A.H.Dodd, Caernarvonshire Historical Society 1968<br>Medieval Stone Carving in North Wales &#8211; Colin A Gresham. Cardiff University of Wales Press 1968<br>Gwaith Barddonol Owain Lleyn &#8211; Cyhoeddwyr &#8211; Richard Jones. Pwllheli 1909<br>Hanes Cymru &#8211; John Davies, ISBN 0-7139-9011-2<br>Journal of the Welsh Folk song society &#8211; Jarvis&amp; Foster Bangor 1909<br>Ar Hyd Benrallt &#8211; Elfed Gruffydd Clwb y bont Pwllheli 1991<br>Y Genhinen &#8211; Cyngor y Celfyddydau  1970<br>Mynd a dod ar Benrhyn Ll\u0177n &#8211; E.J.Griffiths. Clwb y bont Pwllheli 1985<br>Cymru a&#8217;r m\u00f4r- Archifau Gwynedd 1977<br>Porthmadog Ships &#8211;  E Hughes a Aled Eames  Gwynedd Archives Services, Caernarfon<br>Wales through the ages &#8211; A J Roderick,Christopher Davies (pub.) Ltd<br>Sychau yn gleddyfau &#8211; Gruffydd Parry.1989<br>An introduction to the history of Wales- A H Williams Cardiff University of Wales Press Board 1941<br>Calendar of the Caernarvonshire Quarter Sessions Records, W. O. Williams.\u00a0<br>O Ben Ll\u0177n i Botany Bay &#8211; Ioan Mai Evans &#8211; Llyfrau Llafar Gwlad<br>The British Isles &#8211; Cassell &amp; Co MCMV<br>Hen feini&#8217;n Llefain yn Llyn &#8211; Thomas J Pritchard 1998<br>The Welsh house &#8211; Iorwerth C Peate.Hugh Evans and sons, The Brython Press 1944<br>Printing and printers in Wales &#8211; Ifano Jones .William Lewis Cardiff 1925<br>Cymdeithas Hanes Sir Gaernarfon Trafodion- Wasg Gee Dinbych<br>Dictionarium Duplex &#8211; Dr.John Davies (Mallwyd) 1632 London<br>Dictionary of the Place-names of Wales &#8211;  Owen a Morgan<br>W. O. Evans, \u2018Beirdd a Llenorion Lleyn\u2019 in Cyfansoddiadau Buddugol Eisteddfod Gadeiriol Sarn Meillteyrn, 1883<br>Adeilawyd gan Dlodi &#8211; Emlyn Richards &#8211; Darlith Flynyddol Ll\u0177n 1990<br>J. Jones (\u2018Myrddin Fardd\u2019) Enw. Sir Gaern.<br>Adgof uwch Anghof<br>Y Beirniad 1916-7 &#8211; J.Morris Jones &#8211; Hugh Evans a&#8217;i feibion, 357-8 Stanley Rd. Lerpwl.<br>Ll\u0177n drwy ffenestri Cefnamwlch &#8211; Ioan Mai Evans &#8211; Clwb y Bont 1990-Wasg yr Arweinydd.<br>Yn \u00f4l i L\u0177n ac Eifionydd &#8211; Gruffudd Parry -Clwb y Bont 1992- Wasg yr Arweinydd.<br>Hanes Neuadd Rhoshirwaun &#8211; Catherine M. Roberts 2002<br>A description of Caernarfonshire 1809-1811 &#8211; Edmund Hyde Hall &#8211; Caernarvonshire Historical Society<br><br>Menter Ll\u0177n<br>Llanw Ll\u0177n<br>Cymdeithas Archaeoleg a Hanes Ll\u0177n<br>Cyfeillion Ll\u0177n<br>Cymdeithas Pen y Graig<br><br>Nodiad:  A llawer mwy!!!!!!!<br><br>safleoedd we &#8211;<br><a href=\"http:\/\/llyn.co.uk\/llyn\/\">Canolfan Dreftadaeth a Natur Ll\u0177n<\/a><br><a href=\"http:\/\/www.heneb.co.uk\/index.html\">Ymddiriedolaeth Archaeolegol Gwynedd<\/a><br><a href=\"http:\/\/www.gwynedd.biz\/1\/index.html\">penll\u0177n.com<\/a><br><a href=\"https:\/\/www.canolfanuwchgwyrfai.cymru\/\" target=\"_blank\" rel=\"noreferrer noopener\">Canolfan Hanes Uwchgwyrfai<\/a><br><a href=\"http:\/\/crwydro.co.uk\/nefyn\/\" target=\"_blank\" rel=\"noreferrer noopener\">Henebion Ll\u0177n<\/a><br><a href=\"https:\/\/www.visitsnowdonia.info\/cy\" target=\"_blank\" rel=\"noreferrer noopener\">Eryri mynyddoedd a M\u00f4r<\/a><br><a href=\"http:\/\/llangwnnadl.org.uk\/\">Llangwnnadl.org<\/a><br><mark style=\"background-color:rgba(0, 0, 0, 0)\" class=\"has-inline-color has-vivid-cyan-blue-color\">Rhiw.com<\/mark><br><a href=\"https:\/\/coflein.gov.uk\/\">Coflein<\/a><br>Y Bywgraffiadur<br><a href=\"http:\/\/www.heneb.co.uk\/\" target=\"_blank\" rel=\"noreferrer noopener\"><br><\/a><a href=\"http:\/\/www.caernarvonshirehistoricalsociety.btinternet.co.uk\/\" target=\"_blank\" rel=\"noreferrer noopener\">Cymdeithas Hanes Sir Gaernarfon <\/a><br><a href=\"http:\/\/www.llgc.org.uk\/index.htm\" target=\"_blank\" rel=\"noreferrer noopener\">Y Llyfrgell Genedlaethol <\/a><br><a href=\"http:\/\/www.gwynedd.fsbusiness.co.uk\/\" target=\"_blank\" rel=\"noreferrer noopener\">Cymdeithas Hanes Teuluoedd Gwynedd <\/a><br><a href=\"http:\/\/www.rootsweb.com\/~wlsafhs\" target=\"_blank\" rel=\"noreferrer noopener\">Cymdeithas Hanes teuluoedd undebol Cymru <\/a><br><a href=\"http:\/\/www.nmgw.ac.uk\/\" target=\"_blank\" rel=\"noreferrer noopener\">Amgueddfeudd ac orielau Cenedlaethol Cymru <\/a><br><a href=\"http:\/\/www.churchinwales.org.uk\/\" target=\"_blank\" rel=\"noreferrer noopener\">Yr Eglwys yng Nghymru <\/a><br><br><a href=\"http:\/\/www.pro.gov.uk\/\" target=\"_blank\" rel=\"noreferrer noopener\">The Public Record Office<\/a><br><a href=\"http:\/\/www.hmc.gov.uk\/main.htm\" target=\"_blank\" rel=\"noreferrer noopener\">The Royal Commission on Historical Manuscripts<\/a><br><a href=\"http:\/\/www.bl.uk\/collections\/manuscripts\" target=\"_blank\" rel=\"noreferrer noopener\">The British Library Manuscript Collections<\/a><\/td><\/tr><\/tbody><\/table><\/figure>\n","protected":false},"excerpt":{"rendered":"<p>Llyfryddiaeth a Ffynonellau eraill y wybodaeth ar y safle we yma&nbsp; Crwydro Ll\u0177n ac Eifionydd &#8211; Gruffydd Parry. Llyfrau&#8217;r Dryw 1960The early Christian Monuments of Wales &#8211; Nash Williams. University of Wales pressLlen Gwerin Sir Gaernarfon &#8211; Myrddin Fardd. Y Cyhoeddwyr Cymreig Cyf. Caernarfon 1909Diwilliant Gwerin Cymru &#8211; Dr. Iorwerth [&hellip;]<\/p>\n","protected":false},"author":1,"featured_media":0,"parent":0,"menu_order":0,"comment_status":"closed","ping_status":"closed","template":"","meta":{"_mi_skip_tracking":false},"aioseo_notices":[],"_links":{"self":[{"href":"http:\/\/crwydro.co.uk\/crwydro-c\/index.php?rest_route=\/wp\/v2\/pages\/767"}],"collection":[{"href":"http:\/\/crwydro.co.uk\/crwydro-c\/index.php?rest_route=\/wp\/v2\/pages"}],"about":[{"href":"http:\/\/crwydro.co.uk\/crwydro-c\/index.php?rest_route=\/wp\/v2\/types\/page"}],"author":[{"embeddable":true,"href":"http:\/\/crwydro.co.uk\/crwydro-c\/index.php?rest_route=\/wp\/v2\/users\/1"}],"replies":[{"embeddable":true,"href":"http:\/\/crwydro.co.uk\/crwydro-c\/index.php?rest_route=%2Fwp%2Fv2%2Fcomments&post=767"}],"version-history":[{"count":20,"href":"http:\/\/crwydro.co.uk\/crwydro-c\/index.php?rest_route=\/wp\/v2\/pages\/767\/revisions"}],"predecessor-version":[{"id":1872,"href":"http:\/\/crwydro.co.uk\/crwydro-c\/index.php?rest_route=\/wp\/v2\/pages\/767\/revisions\/1872"}],"wp:attachment":[{"href":"http:\/\/crwydro.co.uk\/crwydro-c\/index.php?rest_route=%2Fwp%2Fv2%2Fmedia&parent=767"}],"curies":[{"name":"wp","href":"https:\/\/api.w.org\/{rel}","templated":true}]}}